



{"id":48004,"date":"2025-08-13T11:56:02","date_gmt":"2025-08-13T16:56:02","guid":{"rendered":"https:\/\/cddistribution.com\/pe\/producto\/vehiculos-montables-para-ninos-unicornio-magico-paseo-de-ensueno\/"},"modified":"2026-04-08T13:11:56","modified_gmt":"2026-04-08T18:11:56","slug":"vehiculos-montables-para-ninos-unicornio-magico-paseo-de-ensueno","status":"publish","type":"product","link":"https:\/\/cddistribution.com\/pe\/producto\/vehiculos-montables-para-ninos-unicornio-magico-paseo-de-ensueno\/","title":{"rendered":"VEHICULOS MONTABLES PARA NI\u00d1OS UNICORNIO M\u00c1GICO PASEO DE ENSUE\u00d1O"},"content":{"rendered":"<p>60059<\/p>\n","protected":false},"excerpt":{"rendered":"<p>60059<\/p>\n","protected":false},"featured_media":0,"template":"","meta":[],"product_cat":[205,351],"product_tag":[395],"acf":[],"aioseo_notices":[],"post_mailing_queue_ids":[],"_links":{"self":[{"href":"https:\/\/cddistribution.com\/pe\/wp-json\/wp\/v2\/product\/48004"}],"collection":[{"href":"https:\/\/cddistribution.com\/pe\/wp-json\/wp\/v2\/product"}],"about":[{"href":"https:\/\/cddistribution.com\/pe\/wp-json\/wp\/v2\/types\/product"}],"wp:attachment":[{"href":"https:\/\/cddistribution.com\/pe\/wp-json\/wp\/v2\/media?parent=48004"}],"wp:term":[{"taxonomy":"product_cat","embeddable":true,"href":"https:\/\/cddistribution.com\/pe\/wp-json\/wp\/v2\/product_cat?post=48004"},{"taxonomy":"product_tag","embeddable":true,"href":"https:\/\/cddistribution.com\/pe\/wp-json\/wp\/v2\/product_tag?post=48004"}],"curies":[{"name":"wp","href":"https:\/\/api.w.org\/{rel}","templated":true}]}}