




{"id":13,"date":"2018-02-10T03:45:19","date_gmt":"2018-02-10T03:45:19","guid":{"rendered":"http:\/\/cddistribution.com\/eu\/quienes-somos-y-nuestros-publishers\/"},"modified":"2018-05-27T00:12:12","modified_gmt":"2018-05-27T05:12:12","slug":"quienes-somos-y-nuestros-publishers","status":"publish","type":"page","link":"https:\/\/cddistribution.com\/eu\/quienes-somos-y-nuestros-publishers\/","title":{"rendered":"Quienes somos y nuestros publishers"},"content":{"rendered":"   <h3 class=\"entry-title\" style=\"margin-bottom:30px\">CD Distribution<\/h3>\n<p>\n    Compa\u00f1ia americana con m\u00e1s de 20 a\u00f1os sirviendo el mercado latinoamericano. Somos los lideres en la distribuci\u00f3n de juegos de consola y PC, representando a m\u00e1s de 24 empresas productoras de juegos en los Estados Unidos. Somos una soluci\u00f3n completa para los puntos de ventas en Latinoam\u00e9rica que buscan un surtido completo de los juegos m\u00e1s importantes.\n<\/p>\n<p>Distribuimos productos de las m\u00e1s prestigiosas compa\u00f1\u00edas de los EUU y el mundo.<\/p>\n<ul class=\"lista_proveedores\" style=\"margin-top:40px;margin-left:5%\">\n  \r\n\r\n  \n    <li><div class=\"imagen\"><img src=\"https:\/\/cddistribution.com\/wp-content\/uploads\/publishers\/505-games.png\" height=\"30\" width=\"100\"><\/div> <span>505 GAMES INC<\/span><\/li>    \n           \n    <li><div class=\"imagen\"><img src=\"\" height=\"30\" width=\"100\"><\/div> <span>ABYSSE AMERICA INC<\/span><\/li>    \n           \n    <li><div class=\"imagen\"><img src=\"https:\/\/cddistribution.com\/wp-content\/uploads\/publishers\/activision.jpg\" height=\"30\" width=\"100\"><\/div> <span>ACTIVISION BLIZZARD<\/span><\/li>    \n           \n    <li><div class=\"imagen\"><img src=\"https:\/\/cdn.shopify.com\/s\/files\/1\/0016\/0255\/1873\/files\/AKRacing-Logo-Beta-_Converted_-WT_170x@2x.png?v=1566335426\" height=\"30\" width=\"100\"><\/div> <span>AKRACING<\/span><\/li>    \n           \n    <li><div class=\"imagen\"><img src=\"https:\/\/site-cdn.huami.com\/files\/amazfit\/en\/logo.png\" height=\"30\" width=\"100\"><\/div> <span>AMAZFIT<\/span><\/li>    \n           \n    <li><div class=\"imagen\"><img src=\"\" height=\"30\" width=\"100\"><\/div> <span>ATARI<\/span><\/li>    \n           \n    <li><div class=\"imagen\"><img src=\"https:\/\/cddistribution.com\/wp-content\/uploads\/publishers\/atlus.jpg\" height=\"30\" width=\"100\"><\/div> <span>ATLUS USA INC<\/span><\/li>    \n           \n    <li><div class=\"imagen\"><img src=\"\" height=\"30\" width=\"100\"><\/div> <span>BANDAI AMERICA, INC<\/span><\/li>    \n           \n    <li><div class=\"imagen\"><img src=\"https:\/\/cddistribution.com\/wp-content\/uploads\/publishers\/Bandai.jpg\" height=\"30\" width=\"100\"><\/div> <span>BANDAI NAMCO ENTERTAINMENT<\/span><\/li>    \n           \n    <li><div class=\"imagen\"><img src=\"\" height=\"30\" width=\"100\"><\/div> <span>BANPRESTO<\/span><\/li>    \n           \n    <li><div class=\"imagen\"><img src=\"\" height=\"30\" width=\"100\"><\/div> <span>BARBIE<\/span><\/li>    \n           \n    <li><div class=\"imagen\"><img src=\"\" height=\"30\" width=\"100\"><\/div> <span>BASIC FUN, INC<\/span><\/li>    \n           \n    <li><div class=\"imagen\"><img src=\"https:\/\/cddistribution.com\/wp-content\/uploads\/publishers\/BETHESDA.jpg\" height=\"30\" width=\"100\"><\/div> <span>BETHESDA SOFTWARE<\/span><\/li>    \n           \n    <li><div class=\"imagen\"><img src=\"\" height=\"30\" width=\"100\"><\/div> <span>BITTY BOOMERS<\/span><\/li>    \n           \n    <li><div class=\"imagen\"><img src=\"https:\/\/cddistribution.com\/wp-content\/uploads\/publishers\/Blieta.jpg\" height=\"30\" width=\"100\"><\/div> <span>BLIETA<\/span><\/li>    \n           \n    <li><div class=\"imagen\"><img src=\"https:\/\/cddistribution.com\/wp-content\/uploads\/publishers\/bluefin2.jpg\" height=\"30\" width=\"100\"><\/div> <span>BLU<\/span><\/li>    \n           \n    <li><div class=\"imagen\"><img src=\"https:\/\/cddistribution.com\/wp-content\/uploads\/publishers\/Brictek.png\" height=\"30\" width=\"100\"><\/div> <span>BRICTEK<\/span><\/li>    \n           \n    <li><div class=\"imagen\"><img src=\"https:\/\/cddistribution.com\/wp-content\/uploads\/publishers\/capcom.png\" height=\"30\" width=\"100\"><\/div> <span>CAPCOM<\/span><\/li>    \n           \n    <li><div class=\"imagen\"><img src=\"\" height=\"30\" width=\"100\"><\/div> <span>CDD<\/span><\/li>    \n           \n    <li><div class=\"imagen\"><img src=\"\" height=\"30\" width=\"100\"><\/div> <span>CEFA TOYS<\/span><\/li>    \n           \n    <li><div class=\"imagen\"><img src=\"\" height=\"30\" width=\"100\"><\/div> <span>CEFA TOYS<\/span><\/li>    \n           \n    <li><div class=\"imagen\"><img src=\"\" height=\"30\" width=\"100\"><\/div> <span>CHINA BLOKS HOLDING LIMITED<\/span><\/li>    \n           \n    <li><div class=\"imagen\"><img src=\"\" height=\"30\" width=\"100\"><\/div> <span>CI GAMES<\/span><\/li>    \n           \n    <li><div class=\"imagen\"><img src=\"https:\/\/cddistribution.com\/wp-content\/uploads\/publishers\/Codemasters-logo.jpg\" height=\"30\" width=\"100\"><\/div> <span>CODEMASTER<\/span><\/li>    \n           \n    <li><div class=\"imagen\"><img src=\"\" height=\"30\" width=\"100\"><\/div> <span>CP<\/span><\/li>    \n           \n    <li><div class=\"imagen\"><img src=\"\" height=\"30\" width=\"100\"><\/div> <span>CRAYOLA LLC<\/span><\/li>    \n           \n    <li><div class=\"imagen\"><img src=\"\" height=\"30\" width=\"100\"><\/div> <span>Dark Horse<\/span><\/li>    \n           \n    <li><div class=\"imagen\"><img src=\"\" height=\"30\" width=\"100\"><\/div> <span>DEEP SILVER<\/span><\/li>    \n           \n    <li><div class=\"imagen\"><img src=\"\" height=\"30\" width=\"100\"><\/div> <span>DREAMGEAR<\/span><\/li>    \n           \n    <li><div class=\"imagen\"><img src=\"\" height=\"30\" width=\"100\"><\/div> <span>DXRACER FURNITURE SALE WUXI CO<\/span><\/li>    \n           \n    <li><div class=\"imagen\"><img src=\"https:\/\/cddistribution.com\/wp-content\/uploads\/publishers\/easypix-logo.jpg\" height=\"30\" width=\"100\"><\/div> <span>EASYPIX GMBH<\/span><\/li>    \n           \n    <li><div class=\"imagen\"><img src=\"\" height=\"30\" width=\"100\"><\/div> <span>EKSA INC.<\/span><\/li>    \n           \n    <li><div class=\"imagen\"><img src=\"https:\/\/cddistribution.com\/wp-content\/uploads\/publishers\/Electronic-art.png\" height=\"30\" width=\"100\"><\/div> <span>ELECTRONIC ARTS<\/span><\/li>    \n           \n    <li><div class=\"imagen\"><img src=\"https:\/\/cddistribution.com\/wp-content\/uploads\/publishers\/envolved-games.jpg\" height=\"30\" width=\"100\"><\/div> <span>EVOLVED GAMES<\/span><\/li>    \n           \n    <li><div class=\"imagen\"><img src=\"\" height=\"30\" width=\"100\"><\/div> <span>EVORETRO<\/span><\/li>    \n           \n    <li><div class=\"imagen\"><img src=\"https:\/\/cddistribution.com\/wp-content\/uploads\/publishers\/Ferrari.jpg\" height=\"30\" width=\"100\"><\/div> <span>FERRARI<\/span><\/li>    \n           \n    <li><div class=\"imagen\"><img src=\"\" height=\"30\" width=\"100\"><\/div> <span>FIRESHINE<\/span><\/li>    \n           \n    <li><div class=\"imagen\"><img src=\"https:\/\/cddistribution.com\/wp-content\/uploads\/publishers\/funko.jpg\" height=\"30\" width=\"100\"><\/div> <span>FUNKO<\/span><\/li>    \n           \n    <li><div class=\"imagen\"><img src=\"\" height=\"30\" width=\"100\"><\/div> <span>GEARBOX<\/span><\/li>    \n           \n    <li><div class=\"imagen\"><img src=\"\" height=\"30\" width=\"100\"><\/div> <span>GOOD SMILE COMPANY INC<\/span><\/li>    \n           \n    <li><div class=\"imagen\"><img src=\"\" height=\"30\" width=\"100\"><\/div> <span>GRANDEX INTERNATIONAL DEVELOPMENT<\/span><\/li>    \n           \n    <li><div class=\"imagen\"><img src=\"\" height=\"30\" width=\"100\"><\/div> <span>GS2<\/span><\/li>    \n           \n    <li><div class=\"imagen\"><img src=\"\" height=\"30\" width=\"100\"><\/div> <span>HEADSTART INTERNATIONAL<\/span><\/li>    \n           \n    <li><div class=\"imagen\"><img src=\"https:\/\/cddistribution.com\/wp-content\/uploads\/2019\/03\/hori_logo.png\" height=\"30\" width=\"100\"><\/div> <span>HORI<\/span><\/li>    \n           \n    <li><div class=\"imagen\"><img src=\"\" height=\"30\" width=\"100\"><\/div> <span>HOT WHEELS<\/span><\/li>    \n           \n    <li><div class=\"imagen\"><img src=\"\" height=\"30\" width=\"100\"><\/div> <span>HUAMI<\/span><\/li>    \n           \n    <li><div class=\"imagen\"><img src=\"\" height=\"30\" width=\"100\"><\/div> <span>ICHIBANSHO<\/span><\/li>    \n           \n    <li><div class=\"imagen\"><img src=\"https:\/\/cddistribution.com\/wp-content\/uploads\/publishers\/ignition-enterteinment.jpg\" height=\"30\" width=\"100\"><\/div> <span>IGNITION ENTERTAINMENT<\/span><\/li>    \n           \n    <li><div class=\"imagen\"><img src=\"http:\/\/localhost\/web3\/wp-content\/uploads\/2017\/02\/capcom.png\" height=\"30\" width=\"100\"><\/div> <span>INDEX DIGITAL MEDIA INC<\/span><\/li>    \n           \n    <li><div class=\"imagen\"><img src=\"\" height=\"30\" width=\"100\"><\/div> <span>IRON STUDIOS<\/span><\/li>    \n           \n    <li><div class=\"imagen\"><img src=\"\" height=\"30\" width=\"100\"><\/div> <span>JINX INC<\/span><\/li>    \n           \n    <li><div class=\"imagen\"><img src=\"\/wp-content\/uploads\/publishers\/Kalypso.jpg\" height=\"30\" width=\"100\"><\/div> <span>KALYPSO MEDIA USA, INC<\/span><\/li>    \n           \n    <li><div class=\"imagen\"><img src=\"\" height=\"30\" width=\"100\"><\/div> <span>KIDDIELAND TOYS LIMITED<\/span><\/li>    \n           \n    <li><div class=\"imagen\"><img src=\"https:\/\/cddistribution.com\/wp-content\/uploads\/publishers\/konami.png\" height=\"30\" width=\"100\"><\/div> <span>KONAMI<\/span><\/li>    \n           \n    <li><div class=\"imagen\"><img src=\"\" height=\"30\" width=\"100\"><\/div> <span>KRC (HONG KONG) LIMITED<\/span><\/li>    \n           \n    <li><div class=\"imagen\"><img src=\"https:\/\/cddistribution.com\/wp-content\/uploads\/publishers\/little-buddy.jpg\" height=\"30\" width=\"100\"><\/div> <span>LITTLE BUDDY<\/span><\/li>    \n           \n    <li><div class=\"imagen\"><img src=\"\" height=\"30\" width=\"100\"><\/div> <span>LITTLE ORBIT<\/span><\/li>    \n           \n    <li><div class=\"imagen\"><img src=\"\" height=\"30\" width=\"100\"><\/div> <span>Maccabi LLC<\/span><\/li>    \n           \n    <li><div class=\"imagen\"><img src=\"\" height=\"30\" width=\"100\"><\/div> <span>MADCOW ENTERTAINMENT<\/span><\/li>    \n           \n    <li><div class=\"imagen\"><img src=\"\" height=\"30\" width=\"100\"><\/div> <span>MAONO TECHNOLOGY CO LTD.<\/span><\/li>    \n           \n    <li><div class=\"imagen\"><img src=\"\" height=\"30\" width=\"100\"><\/div> <span>MATTEL<\/span><\/li>    \n           \n    <li><div class=\"imagen\"><img src=\"https:\/\/cddistribution.com\/wp-content\/uploads\/publishers\/MAXIMUM-GAMES-.jpg\" height=\"30\" width=\"100\"><\/div> <span>MAXIMUM GAMES<\/span><\/li>    \n           \n    <li><div class=\"imagen\"><img src=\"\" height=\"30\" width=\"100\"><\/div> <span>MICROIDS SA<\/span><\/li>    \n           \n    <li><div class=\"imagen\"><img src=\"\" height=\"30\" width=\"100\"><\/div> <span>MICROSOFT<\/span><\/li>    \n           \n    <li><div class=\"imagen\"><img src=\"\" height=\"30\" width=\"100\"><\/div> <span>MINI CO.<\/span><\/li>    \n           \n    <li><div class=\"imagen\"><img src=\"\" height=\"30\" width=\"100\"><\/div> <span>MOETCH<\/span><\/li>    \n           \n    <li><div class=\"imagen\"><img src=\"\" height=\"30\" width=\"100\"><\/div> <span>NATSUME<\/span><\/li>    \n           \n    <li><div class=\"imagen\"><img src=\"https:\/\/cddistribution.com\/wp-content\/uploads\/publishers\/NC-SOFT-.png\" height=\"30\" width=\"100\"><\/div> <span>NC SOFT<\/span><\/li>    \n           \n    <li><div class=\"imagen\"><img src=\"https:\/\/cddistribution.com\/wp-content\/uploads\/publishers\/NIGHTHAWK-INTERACTIVE-.png\" height=\"30\" width=\"100\"><\/div> <span>NIGHTHAWK INTERACTIVE<\/span><\/li>    \n           \n    <li><div class=\"imagen\"><img src=\"\" height=\"30\" width=\"100\"><\/div> <span>NINTENDO<\/span><\/li>    \n           \n    <li><div class=\"imagen\"><img src=\"\" height=\"30\" width=\"100\"><\/div> <span>ONEODIO CO., LIMITED<\/span><\/li>    \n           \n    <li><div class=\"imagen\"><img src=\"\" height=\"30\" width=\"100\"><\/div> <span>OTL TECHNOLOGIES<\/span><\/li>    \n           \n    <li><div class=\"imagen\"><img src=\"\" height=\"30\" width=\"100\"><\/div> <span>OUTRIGHT GAMES<\/span><\/li>    \n           \n    <li><div class=\"imagen\"><img src=\"\" height=\"30\" width=\"100\"><\/div> <span>P&C INTERNATIONAL DEVELOPMENT LIMITED<\/span><\/li>    \n           \n    <li><div class=\"imagen\"><img src=\"\" height=\"30\" width=\"100\"><\/div> <span>PALADONE<\/span><\/li>    \n           \n    <li><div class=\"imagen\"><img src=\"\" height=\"30\" width=\"100\"><\/div> <span>PC<\/span><\/li>    \n           \n    <li><div class=\"imagen\"><img src=\"\" height=\"30\" width=\"100\"><\/div> <span>PIXEL DASH STUDIOS<\/span><\/li>    \n           \n    <li><div class=\"imagen\"><img src=\"\" height=\"30\" width=\"100\"><\/div> <span>PLAION<\/span><\/li>    \n           \n    <li><div class=\"imagen\"><img src=\"\" height=\"30\" width=\"100\"><\/div> <span>PLAYVIEW BRANDS INC.<\/span><\/li>    \n           \n    <li><div class=\"imagen\"><img src=\"\" height=\"30\" width=\"100\"><\/div> <span>POWER A<\/span><\/li>    \n           \n    <li><div class=\"imagen\"><img src=\"\" height=\"30\" width=\"100\"><\/div> <span>PRIME 3D LIMITED<\/span><\/li>    \n           \n    <li><div class=\"imagen\"><img src=\"\" height=\"30\" width=\"100\"><\/div> <span>PRIVATE DIVISION<\/span><\/li>    \n           \n    <li><div class=\"imagen\"><img src=\"\" height=\"30\" width=\"100\"><\/div> <span>QUANTUM MECHANIX INC.<\/span><\/li>    \n           \n    <li><div class=\"imagen\"><img src=\"\" height=\"30\" width=\"100\"><\/div> <span>RDS<\/span><\/li>    \n           \n    <li><div class=\"imagen\"><img src=\"\" height=\"30\" width=\"100\"><\/div> <span>RED RIDGE ASIA LIMITED<\/span><\/li>    \n           \n    <li><div class=\"imagen\"><img src=\"\" height=\"30\" width=\"100\"><\/div> <span>Rising star<\/span><\/li>    \n           \n    <li><div class=\"imagen\"><img src=\"https:\/\/cddistribution.com\/wp-content\/uploads\/publishers\/ROCKSTAR-.png\" height=\"30\" width=\"100\"><\/div> <span>ROCKSTAR<\/span><\/li>    \n           \n    <li><div class=\"imagen\"><img src=\"\" height=\"30\" width=\"100\"><\/div> <span>SANTOKI<\/span><\/li>    \n           \n    <li><div class=\"imagen\"><img src=\"https:\/\/cddistribution.com\/wp-content\/uploads\/publishers\/SEGA-OF-AMERICAINC.-.png\" height=\"30\" width=\"100\"><\/div> <span>SEGA OF AMERICA,INC.<\/span><\/li>    \n           \n    <li><div class=\"imagen\"><img src=\"\" height=\"30\" width=\"100\"><\/div> <span>SHANTOU BAIHUI TOYS CO LTD<\/span><\/li>    \n           \n    <li><div class=\"imagen\"><img src=\"\" height=\"30\" width=\"100\"><\/div> <span>SHOKUGAN<\/span><\/li>    \n           \n    <li><div class=\"imagen\"><img src=\"\" height=\"30\" width=\"100\"><\/div> <span>SKYBOUND GAMES<\/span><\/li>    \n           \n    <li><div class=\"imagen\"><img src=\"\" height=\"30\" width=\"100\"><\/div> <span>SMILES TRADING HONGKONG COMPANY<\/span><\/li>    \n           \n    <li><div class=\"imagen\"><img src=\"\" height=\"30\" width=\"100\"><\/div> <span>SMILES TRADING HONGKONG COMPANY<\/span><\/li>    \n           \n    <li><div class=\"imagen\"><img src=\"\/wp-content\/uploads\/publishers\/SOEDESCO-.png\" height=\"30\" width=\"100\"><\/div> <span>SOEDESCO<\/span><\/li>    \n           \n    <li><div class=\"imagen\"><img src=\"https:\/\/cddistribution.com\/wp-content\/uploads\/publishers\/SONY-.png\" height=\"30\" width=\"100\"><\/div> <span>SONY<\/span><\/li>    \n           \n    <li><div class=\"imagen\"><img src=\"https:\/\/cddistribution.com\/wp-content\/uploads\/publishers\/SQUARE-ENIX-.png\" height=\"30\" width=\"100\"><\/div> <span>SQUARE ENIX<\/span><\/li>    \n           \n    <li><div class=\"imagen\"><img src=\"\" height=\"30\" width=\"100\"><\/div> <span>SUNTOYS INTERNATIONAL COMPANY<\/span><\/li>    \n           \n    <li><div class=\"imagen\"><img src=\"https:\/\/cddistribution.com\/wp-content\/uploads\/publishers\/TAKE-2-INTERACTIVE-.png\" height=\"30\" width=\"100\"><\/div> <span>TAKE 2 INTERACTIVE<\/span><\/li>    \n           \n    <li><div class=\"imagen\"><img src=\"https:\/\/cddistribution.com\/wp-content\/uploads\/publishers\/TECMO-KOEI.png\" height=\"30\" width=\"100\"><\/div> <span>TECMO KOEI<\/span><\/li>    \n           \n    <li><div class=\"imagen\"><img src=\"https:\/\/cddistribution.com\/wp-content\/uploads\/publishers\/TELLTALE-GAMES-.png\" height=\"30\" width=\"100\"><\/div> <span>TELLTALE GAMES<\/span><\/li>    \n           \n    <li><div class=\"imagen\"><img src=\"\" height=\"30\" width=\"100\"><\/div> <span>THAMES & KOSMOS<\/span><\/li>    \n           \n    <li><div class=\"imagen\"><img src=\"https:\/\/assets.pokemon.com\/assets\/cms2-es-es\/img\/misc\/gus\/buttons\/logo-pokemon-79x45.png\" height=\"30\" width=\"100\"><\/div> <span>THE POKEMON COMPANY INT INC.<\/span><\/li>    \n           \n    <li><div class=\"imagen\"><img src=\"\" height=\"30\" width=\"100\"><\/div> <span>THE TOY GROUP HK COMPANY LIMITED<\/span><\/li>    \n           \n    <li><div class=\"imagen\"><img src=\"\" height=\"30\" width=\"100\"><\/div> <span>TMP INTERNATIONAL LLC DBA MCFARLANE<\/span><\/li>    \n           \n    <li><div class=\"imagen\"><img src=\"\" height=\"30\" width=\"100\"><\/div> <span>TOMSON TOYS OU<\/span><\/li>    \n           \n    <li><div class=\"imagen\"><img src=\"\" height=\"30\" width=\"100\"><\/div> <span>TSH MERCANTILE LLC<\/span><\/li>    \n           \n    <li><div class=\"imagen\"><img src=\"https:\/\/cddistribution.com\/wp-content\/uploads\/publishers\/TURTLE-BEACH-.png\" height=\"30\" width=\"100\"><\/div> <span>TURTLE BEACH<\/span><\/li>    \n           \n    <li><div class=\"imagen\"><img src=\"https:\/\/cddistribution.com\/wp-content\/uploads\/publishers\/U-I-ENTERTAINMENT-.png\" height=\"30\" width=\"100\"><\/div> <span>U & I ENTERTAINMENT<\/span><\/li>    \n           \n    <li><div class=\"imagen\"><img src=\"https:\/\/cddistribution.com\/wp-content\/uploads\/publishers\/UBISOFT-.jpg\" height=\"30\" width=\"100\"><\/div> <span>UBISOFT<\/span><\/li>    \n           \n    <li><div class=\"imagen\"><img src=\"\" height=\"30\" width=\"100\"><\/div> <span>ULTRA PRO INTERNATIONAL, LLC<\/span><\/li>    \n           \n    <li><div class=\"imagen\"><img src=\"\" height=\"30\" width=\"100\"><\/div> <span>VICTOR AUDIO<\/span><\/li>    \n           \n    <li><div class=\"imagen\"><img src=\"\" height=\"30\" width=\"100\"><\/div> <span>VICTROLA<\/span><\/li>    \n           \n    <li><div class=\"imagen\"><img src=\"https:\/\/cddistribution.com\/wp-content\/uploads\/publishers\/Warner-Bro.png\" height=\"30\" width=\"100\"><\/div> <span>WARNER BROS<\/span><\/li>    \n           \n    <li><div class=\"imagen\"><img src=\"\" height=\"30\" width=\"100\"><\/div> <span>WILDCARD<\/span><\/li>    \n           \n    <li><div class=\"imagen\"><img src=\"\" height=\"30\" width=\"100\"><\/div> <span>ZOOFY INTERNATIONAL LLC<\/span><\/li>    \n           \n<\/ul>\n \n","protected":false},"excerpt":{"rendered":"","protected":false},"author":1,"featured_media":0,"parent":0,"menu_order":0,"comment_status":"closed","ping_status":"closed","template":"template2.php","meta":[],"acf":[],"aioseo_notices":[],"post_mailing_queue_ids":[],"_links":{"self":[{"href":"https:\/\/cddistribution.com\/eu\/wp-json\/wp\/v2\/pages\/13"}],"collection":[{"href":"https:\/\/cddistribution.com\/eu\/wp-json\/wp\/v2\/pages"}],"about":[{"href":"https:\/\/cddistribution.com\/eu\/wp-json\/wp\/v2\/types\/page"}],"author":[{"embeddable":true,"href":"https:\/\/cddistribution.com\/eu\/wp-json\/wp\/v2\/users\/1"}],"replies":[{"embeddable":true,"href":"https:\/\/cddistribution.com\/eu\/wp-json\/wp\/v2\/comments?post=13"}],"version-history":[{"count":1,"href":"https:\/\/cddistribution.com\/eu\/wp-json\/wp\/v2\/pages\/13\/revisions"}],"predecessor-version":[{"id":72,"href":"https:\/\/cddistribution.com\/eu\/wp-json\/wp\/v2\/pages\/13\/revisions\/72"}],"wp:attachment":[{"href":"https:\/\/cddistribution.com\/eu\/wp-json\/wp\/v2\/media?parent=13"}],"curies":[{"name":"wp","href":"https:\/\/api.w.org\/{rel}","templated":true}]}}