



{"id":10,"date":"2018-02-10T03:45:19","date_gmt":"2018-02-10T03:45:19","guid":{"rendered":"http:\/\/cddistribution.com\/eu\/terminos-y-condiciones-de-uso-de-cd-distribution-miami\/"},"modified":"2018-06-14T12:17:51","modified_gmt":"2018-06-14T17:17:51","slug":"terminos-y-condiciones-de-uso-de-cd-distribution-miami","status":"publish","type":"page","link":"https:\/\/cddistribution.com\/eu\/terminos-y-condiciones-de-uso-de-cd-distribution-miami\/","title":{"rendered":"T\u00e9rminos y condiciones de uso de CD Distribution Miami"},"content":{"rendered":"<p><strong>ACUERDO ENTRE EL USUARIO Y CD DISTRIBUTION<\/strong><\/p>\n<p>El Sitio Web CD DISTRIBUTION est\u00e1 compuesto de varias p\u00e1ginas Web operadas por CD DISTRIBUTION.<\/p>\n<p>El sitio CD DISTRIBUTION se le ofrece a Usted condicionado a la aceptaci\u00f3n sin excepciones de los t\u00e9rminos, condiciones y avisos aqu\u00ed contenidos. El uso por su parte del sitio Web CD DISTRIBUTION constituye en s\u00ed mismo su aceptaci\u00f3n a todos sus t\u00e9rminos, condiciones y avisos.<\/p>\n<p><strong>MODIFICACIONES A ESTOS T\u00c9RMINOS DE USO<\/strong><\/p>\n<p>CD DISTRIBUTION se reserva el derecho a modificar los t\u00e9rminos, condiciones y avisos bajo los cuales se ofrece el sitio Web Arcadia Multimedia, incluyendo, pero no limitado a, los cargos asociados por el uso del sitio Web CD DISTRIBUTION.<\/p>\n<p><strong>V\u00cdNCULOS A SITIOS DE TERCERAS PARTES<\/strong><\/p>\n<p>El sitio Web CD DISTRIBUTION puede contener v\u00ednculos a otros sitios Web Site (\u00abSitios Vinculados\u00bb). Los Sitios Vinculados no est\u00e1n bajo el control de CD DISTRIBUTION y por tanto CD DISTRIBUTION no es responsable de los contenidos de ning\u00fan Sitio Vinculado, incluyendo sin limitaciones, todo v\u00ednculo contenido en un Sitio Vinculado, o todo cambio o actualizaci\u00f3n de un Sitio Vinculado. CD DISTRIBUTION no es responsable de difusiones v\u00eda Web ni mediante cualquier otra forma de transmisi\u00f3n recibida desde cualquier Sitio Vinculado. CD DISTRIBUTIONprovee estos v\u00ednculos solamente para su conveniencia, y la inclusi\u00f3n de estos v\u00ednculos no implica aprobaci\u00f3n por parte de CD DISTRIBUTION del sitio, ni asociaci\u00f3n con sus operadores.<\/p>\n<p><strong>NO USO ILEGAL O PROHIBIDO<\/strong><\/p>\n<p>Como una condici\u00f3n al uso por su parte del sitio Web CD DISTRIBUTION, Usted garantiza a CD DISTRIBUTIONque no usar\u00e1 el sitio Web CD DISTRIBUTION para prop\u00f3sitos ilegales o prohibidos por estos t\u00e9rminos, condiciones y avisos. Usted no puede usar el sitio Web CD DISTRIBUTIONde tal forma que pudiera da\u00f1ar, deshabilitar, sobrecargar o deteriorar el sitio Web CD DISTRIBUTION o interferir con el uso y provecho del sitio Web CD DISTRIBUTION por terceras partes. Usted no puede obtener ni intentar obtener material o informaci\u00f3n utilizando otros medios que aquellos expresa e intencionalmente ofrecidos a tal efecto en el sitio Web CD DISTRIBUTION.<\/p>\n<p><strong>RENUNCIA DE OBLIGACI\u00d3N<\/strong><\/p>\n<p>LA INFORMACI\u00d3N, SOFTWARE, PRODUCTOS Y SERVICIOS INCLUIDOS EN, O DISPONIBLES A TRAV\u00c9S DEL SITIO WEB CD DISTRIBUTION PUEDEN CONTENER INEXACTITUDES O ERRORES TIPOGR\u00c1FICOS. PERI\u00d3DICAMENTE SE REALIZAN MODIFICACIONES Y AGREGADOS A LA INFORMACI\u00d3N AQU\u00cd CONTENIDA. CD DISTRIBUTION Y\/O SUS PROVEEDORES PUEDEN REALIZAR EN CUALQUIER MOMENTO MODIFICACIONES O MEJORAS AL SITIO WEB DE CD DISTRIBUTION. LOS CONSEJOS QUE PUEDAN RECIBIRSE A TRAV\u00c9S DEL SITIO WEB CD DISTRIBUTIONNO DEBERIAN TENERSE EN CUENTA PARA LA TOMA DE DECISIONES PERSONALES, M\u00c9DICAS, LEGALES O FINANCIERAS Y USTED DEBER\u00cdA CONSULTAR A UN PROFESIONAL PARA EL ASESORAMIENTO ESPEC\u00cdFICO Y A LA MEDIDA DE SU SITUACI\u00d3N.<\/p>\n<p>CD DISTRIBUTION Y\/O SUS PROVEEDORES, NO SON REPRESENTACI\u00d3N DE LA CONVENIENCIA, CONFIABILIDAD, DISPONIBILIDAD, ACTUALIDAD, NI LA EXACTITUD DE LA INFORMACI\u00d3N, SOFTWARE, PRODUCTOS, SERVICIOS Y GR\u00c1FICOS RELACIONADOS; CONTENIDOS EN EL SITIO WEB DE CD DISTRIBUTION, SEA CUAL FUERE SU PROP\u00d3SITO. DE ACUERDO AL M\u00c1XIMO ALCANCE PERMITIDO POR LAS LEYES APLICABLES, DICHA INFORMACI\u00d3N, SOFTWARE, PRODUCTOS, SERVICIOS Y GR\u00c1FICOS RELACIONADOS, SE ENTRGAN \u00abCOMO SON\u00bb, SIN NING\u00daN TIPO DE GARANT\u00cdA O CONDICI\u00d3N. CD DISTRIBUTION Y\/O SUS PROVEEDORES RECHAZAN POR ESTE MEDIO TODAS LAS GARANT\u00cdAS Y CONDICIONES EN RELACI\u00d3N CON ESTA INFORMACI\u00d3N, SOFTWARE, PRODUSCTOS, SERVICIOS Y GR\u00c1FICOS RELACIONADOS, INCLUYENDO TODAS LAS GARANT\u00cdAS O CONDICIONES IMPL\u00cdCITAS EN LA COMERCIALIZACI\u00d3N, ADECUACI\u00d3N A UN PROP\u00d3SITO ESPEC\u00cdFICO, TITULACI\u00d3N Y\/O INFRACCI\u00d3N.<\/p>\n<p>DE ACUERDO AL M\u00c1XIMO ALCANCE PERMITIDO POR LAS LEYES APLICABLES, EN NING\u00daN CASO CD DISTRIBUTION Y\/O SUS PROVEEDORES SER\u00c1N RESPONSABLES POR NING\u00daN DA\u00d1O DIRECTO, INDIRECTO, PUNITIVO, INCIDENTAL, ESPECIAL, CONSECUENTE, O CUALESQUIERA DA\u00d1OS INCLUYENDO, SIN LIMITACIONES, DA\u00d1OS POR P\u00c9RDIDA DE USO, DE DATOS O DE BENEFICIOS SURGIDOS DEL USO, O DE ALGUNA MANERA RELACIONADOS CON EL USO O RENDIMINETO DEL SITIO WEB DE CD DISTRIBUTION, CON LA DEMORA O LA IMPOSIBILIDAD DE USO DEL SITIO WEB CD DISTRIBUTION O SUS SERVICIOS RELACIONADOS, LA PROVISI\u00d3N O FALLA EN LA PROVISI\u00d3N DE SERVICIOS, O POR CUALQUIER INFORMACI\u00d3N, SOFTWARE, PRODUCTOS, SERVICIOS Y GR\u00c1FICOS RELACIONADOS OBTENIDOS A TRAV\u00c9S DEL SITIO WEB DE CD DISTRIBUTION, O DE ALGUNA OTRA MANERA SURGIDOS A PARTIR DEL USO DEL SITIO WEB DE CD DISTRIBUTION, YA SEA QUE SE BASEN EN UN CONTRATO, AGRAVIO, NEGLIGENCIA, ESTRICTA RESPONSABILIDAD, O CUALQUIER OTRA FORMA, AUN CUANDO CD DISTRIBUTION O CUALQUIERA DE SUS PROVEEDORES HAYAN SIDO AVISADOS ACERCA DE LA POSIBILIDAD DE DA\u00d1OS. COMO EN ALGUNAS JURISDICCIONES NO SE PERMITE LA EXCLUSI\u00d3N O LIMITACI\u00d3N DE RESPONSABILIDAD POR DA\u00d1OS INCIDENTALES O CONSECUENTES, LA LIMITACI\u00d3N ARRIBA DETALLADA PUEDE QUE NO SE APLQUE A USTED. SI NO SE ENCUENTRA SATISFECHO CON ALGUNA PARTE DEL SITIO WEB DE CD DISTRIBUTION, O CON ALGUNO DE ESTOS T\u00c9RMINOS DE USO, SU \u00daNICO Y EXCLUSIVO REMEDIO ES DEJAR DE USAR EL SITIO WEB DE CD DISTRIBUTION.<\/p>\n<p><strong>FINALIZACI\u00d3N\/RESTRICCI\u00d3N DE ACCESO<\/strong><\/p>\n<p>CD DISTRIBUTION se reserva el derecho, a su sola discreci\u00f3n, a finalizar su acceso al sitio Web de CD DISTRIBUTION, as\u00ed como a sus servicios relacionados o a cualquier parte de \u00e9stos, en cualquier momento y sin previa notificaci\u00f3n. GENERAL:<\/p>\n<p>De acuerdo al alcance m\u00e1ximo permitido por la ley, este acuerdo est\u00e1 gobernado por las leyes del estado de Washington, U.S.A. y por consiguiente Usted consiente como jurisdicci\u00f3n exclusiva y lugar donde se re\u00fanen las cortes a King County, Washington, U.S.A. en todas las disputas que surjan del uso o relativas al uso del sitio Web de CD DISTRIBUTION. El uso del sitio Web de CD DISTRIBUTIONno est\u00e1 autorizado en jurisdicci\u00f3n alguna que no haga efectivas todas las provisiones de estos t\u00e9rminos y condiciones, incluyendo, sin limitaciones, las contenidas en este p\u00e1rrafo. Usted asiente que como resultado de este acuerdo o por el uso del sitio Web de CD DISTRIBUTION , no existe asociaci\u00f3n, joint venture, relaci\u00f3n de dependencia o empleo, o relaci\u00f3n de agencia alguna, entre Usted y CD DISTRIBUTION. El cumplimiento de este acuerdo por parte de CD DISTRIBUTION est\u00e1 sujeto a las leyes vigentes y al proceso legal, y nada contenido en este acuerdo constituye una derogaci\u00f3n al derecho de CD DISTRIBUTION a obrar de acuerdo a los requisitos, solicitudes o imposiciones legales, del gobierno o de la corte, relacionados con el uso por Usted del sitio Web de CD DISTRIBUTION, o a informaci\u00f3n recogida o suministrada a CD DISTRIBUTION respecto de dicho uso. En caso que se determinara legalmente que alguna parte de este acuerdo fuera inv\u00e1lida o no exigible de acuerdo a la ley, incluyendo sin limitaciones, el rechazo de garant\u00edas y las limitaciones a la responsabilidad establecidas m\u00e1s arriba, entonces la provisi\u00f3n inv\u00e1lida o no exigible se considerar\u00e1 sustituida por una provisi\u00f3n v\u00e1lida y exigible, que se acerque lo m\u00e1s posible a la intenci\u00f3n de la provisi\u00f3n original, y el resto del acuerdo continuar\u00e1 en efecto. Salvo lo especificado aqu\u00ed, este acuerdo constituye el acuerdo completo entre el usuario y CD DISTRIBUTION respecto del sitio Web de CD DISTRIBUTION y reemplaza a todas las comunicaciones y propuestas anteriores o contempor\u00e1neas, hayan sido \u00e9stas electr\u00f3nicas, orales o escritas, entre el usuario y CD DISTRIBUTION respecto del sitio Web de CD DISTRIBUTION. Una versi\u00f3n impresa de este acuerdo y de cualquier notificaci\u00f3n enviada en forma electr\u00f3nica, ser\u00e1n admitidas en procedimientos judiciales o administrativos basados en este acuerdo o relacionados con \u00e9l, y tendr\u00e1n el mismo alcance y estar\u00e1n sujetas a las mismas condiciones que otros documentos y registros comerciales generados y mantenidos originalmente en forma impresa. Es el deseo expreso de las partes que este acuerdo y los documentos relacionados sean escritos en espa\u00f1ol.<\/p>\n<p><strong>DERECHO DE PROPIEDAD Y MARCAS COMERCIALES:<\/strong><\/p>\n<p>Todos los contenidos del sitio Web CD DISTRIBUTION son: Copyright \u00a9 2009 CD DISTRIBUTION. Todos los derechos reservados. y \/o sus proveedores. Todos los derechos reservados.<\/p>\n<p><strong>MARCAS COMERCIALES<\/strong><\/p>\n<p>Los nombres de compa\u00f1\u00edas y productos reales mencionados aqu\u00ed pueden ser marcas comerciales de sus respectivos propietarios.<\/p>\n<p>Los nombres usados en ejemplos de compa\u00f1\u00edas, organizaciones, productos, personas y eventos descritos aqu\u00ed son ficticios. No debe asociarse o inferirse relaci\u00f3n alguna con ninguna compa\u00f1\u00eda, organizaci\u00f3n, producto, persona o evento reales.<\/p>\n<p>Cualesquiera drechos no expresamente otorgados aqu\u00ed son reservados.<\/p>\n<p><strong>NOTIFICACIONES Y PROCEDIMIENTO DE RECLAMOS DE VIOLACI\u00d3N A LOS DERECHOS DE PROPIEDAD<\/strong><\/p>\n<p>Procediendo de acuerdo al Title 17, United States Code, Section 512(c)(2), las notificaciones de reclamos a violaciones a los derechos de propiedad bajo la ley de derechos de propiedad de los Estados Unidos, deben ser enviados al Agente Designado del Proveedor de Servicios. TODA PETICION QUE NO SEA RELEVANTE AL SIGUIENTE PROCEDIMIENTO NO RECIBIR\u00c1 RESPUESTA. Vea Notificaciones y Procedimiento de Reclamos de Violaci\u00f3n a los Derechos de Propiedad.<\/p>\n","protected":false},"excerpt":{"rendered":"<p>ACUERDO ENTRE EL USUARIO Y CD DISTRIBUTION El Sitio Web CD DISTRIBUTION est\u00e1 compuesto de varias p\u00e1ginas Web operadas por CD DISTRIBUTION. El sitio CD DISTRIBUTION se le ofrece a Usted condicionado a la aceptaci\u00f3n sin excepciones de los t\u00e9rminos, condiciones y avisos aqu\u00ed contenidos. El uso por su parte del sitio Web CD DISTRIBUTION<\/p>\n","protected":false},"author":1,"featured_media":0,"parent":0,"menu_order":0,"comment_status":"closed","ping_status":"closed","template":"template2.php","meta":[],"acf":[],"aioseo_notices":[],"post_mailing_queue_ids":[],"_links":{"self":[{"href":"https:\/\/cddistribution.com\/eu\/wp-json\/wp\/v2\/pages\/10"}],"collection":[{"href":"https:\/\/cddistribution.com\/eu\/wp-json\/wp\/v2\/pages"}],"about":[{"href":"https:\/\/cddistribution.com\/eu\/wp-json\/wp\/v2\/types\/page"}],"author":[{"embeddable":true,"href":"https:\/\/cddistribution.com\/eu\/wp-json\/wp\/v2\/users\/1"}],"replies":[{"embeddable":true,"href":"https:\/\/cddistribution.com\/eu\/wp-json\/wp\/v2\/comments?post=10"}],"version-history":[{"count":2,"href":"https:\/\/cddistribution.com\/eu\/wp-json\/wp\/v2\/pages\/10\/revisions"}],"predecessor-version":[{"id":85,"href":"https:\/\/cddistribution.com\/eu\/wp-json\/wp\/v2\/pages\/10\/revisions\/85"}],"wp:attachment":[{"href":"https:\/\/cddistribution.com\/eu\/wp-json\/wp\/v2\/media?parent=10"}],"curies":[{"name":"wp","href":"https:\/\/api.w.org\/{rel}","templated":true}]}}