



{"id":22,"date":"2018-02-10T20:00:16","date_gmt":"2018-02-10T20:00:16","guid":{"rendered":"http:\/\/cddistribution.com\/co\/?page_id=22"},"modified":"2018-05-27T15:38:34","modified_gmt":"2018-05-27T20:38:34","slug":"confidenciabilidad","status":"publish","type":"page","link":"https:\/\/cddistribution.com\/co\/confidenciabilidad\/","title":{"rendered":"Confidenciabilidad"},"content":{"rendered":" \n        \n        <p>CD DISTRIBUTION est\u00e1 comprometida a proteger su privacidad y la tecnolog\u00eda de desarrollo que le brinda la experiencia en l\u00ednea m\u00e1s potente y segura. Esta Declaraci\u00f3n de Privacidad est\u00e1 relacionada con el sitio Web de CD DISTRIBUTION y abarca la recolecci\u00f3n de datos y su uso. Al utilizar el sitio CD DISTRIBUTION, Usted acepta las pr\u00e1cticas utilizadas en relaci\u00f3n a los datos que se describen en esta declaraci\u00f3n.\n\n            Recolecci\u00f3n de su Informaci\u00f3n Personal<\/p>\n\n        <p>CD DISTRIBUTION recolecta informaci\u00f3n de identificaci\u00f3n personal, como su direcci\u00f3n de correo electr\u00f3nico (e-mail), nombre, direcci\u00f3n del trabajo o de su casa, o su n\u00famero telef\u00f3nico. CD DISTRIBUTION tambi\u00e9n recaba informaci\u00f3n demogr\u00e1fica an\u00f3nima, en el sentido que no es aplicable s\u00f3lo a Usted, como por ejemplo el c\u00f3digo postal, edad, sexo, preferencias, intereses y favoritos.\n\n            Tambi\u00e9n existe informaci\u00f3n acerca del hardware y software de su computador personal, que se recaba autom\u00e1ticamente por CD DISTRIBUTION. Esta informaci\u00f3n puede incluir: su direcci\u00f3n IP, tipo de explorador de Internet usado, nombres de dominio, tiempos de acceso y direcciones de sitios Web que hacen referencia a \u00e9ste. Esta informaci\u00f3n es utilizada por CD DISTRIBUTION para la operaci\u00f3n del servicio, para mantener la calidad del servicio prestado y para brindar estad\u00edsticas generales acerca del uso del sitio CD DISTRIBUTION.\n\n            Por favor tenga en cuenta que si Usted divulga directamente informaci\u00f3n de identificaci\u00f3n personal o datos privados a trav\u00e9s de las herramientas p\u00fablicas de comunicaci\u00f3n en l\u00ednea ofrecidas por CD DISTRIBUTION, dicha informaci\u00f3n puede ser recogida y usada por otros. Nota: CD DISTRIBUTION no lee ninguna de sus comunicaciones en l\u00ednea privadas.\n\n            CD DISTRIBUTION lo alienta a que revise las declaraciones de privacidad de otros sitios Web a los que Usted elija vincular desde CD DISTRIBUTION de manera que pueda comprender c\u00f3mo recogen \u00e9stos su informaci\u00f3n y si eventualmente la comparten con otros. CD DISTRIBUTION no es responsable por declaraciones de privacidad ni otros contenidos que se encuentren en sitios Web fuera de CD DISTRIBUTION y de la familia de sitios Web de CD DISTRIBUTION.\n\n            Utilizaci\u00f3n de su Informaci\u00f3n Personal<\/p>\n\n        <p>CD DISTRIBUTION recaba y utiliza su informaci\u00f3n personal para operar el sitio Web CD DISTRIBUTION y brindarle los servicios que Usted haya solicitado. CD DISTRIBUTION tambi\u00e9n utiliza la informaci\u00f3n de su identificaci\u00f3n personal para informarlo acerca de otros productos o servicios disponibles en CD DISTRIBUTION y sus subsidiarias. CD DISTRIBUTION puede tambi\u00e9n ponerse en contacto con Usted mediante encuestas, para conocer su opini\u00f3n sobre los servicios prestados actualmente o potenciales servicios a ofrecer en el futuro.\n\n            CD DISTRIBUTION no vende, alquila o arrienda su lista de clientes a terceras partes. Espor\u00e1dicamente CD DISTRIBUTION puede contactarlo de parte de socios de negocios externos para ofrecerle alguna oferta particular que pueda ser de su inter\u00e9s. En estos casos, la informaci\u00f3n de su identificaci\u00f3n personal (e-mail, nombre, direcci\u00f3n, tel\u00e9fono) no es transferida al socio de negocios. Adem\u00e1s, CD DISTRIBUTION s\u00ed puede compartir datos con socios confiables que ayudan y\/o en los que delega el an\u00e1lisis estad\u00edstico, el env\u00edo de correo electr\u00f3nico o postal, la atenci\u00f3n al cliente, o los arreglos para la distribuci\u00f3n y entrega. Todas estas terceras partes tienen expresamente prohibido el uso de la informaci\u00f3n personal que pueda identificarlo salvo para poder proveer estos servicios a CD DISTRIBUTION, y est\u00e1n obligados a mantener la confidencialidad de su informaci\u00f3n.\n\n            CD DISTRIBUTION no utiliza ni divulga informaci\u00f3n personal privada como raza, religi\u00f3n o afiliaciones pol\u00edticas sin su consentimiento expreso.<\/p>\n\n        \n","protected":false},"excerpt":{"rendered":"","protected":false},"author":1,"featured_media":0,"parent":0,"menu_order":0,"comment_status":"closed","ping_status":"closed","template":"template2.php","meta":[],"acf":[],"aioseo_notices":[],"post_mailing_queue_ids":[],"_links":{"self":[{"href":"https:\/\/cddistribution.com\/co\/wp-json\/wp\/v2\/pages\/22"}],"collection":[{"href":"https:\/\/cddistribution.com\/co\/wp-json\/wp\/v2\/pages"}],"about":[{"href":"https:\/\/cddistribution.com\/co\/wp-json\/wp\/v2\/types\/page"}],"author":[{"embeddable":true,"href":"https:\/\/cddistribution.com\/co\/wp-json\/wp\/v2\/users\/1"}],"replies":[{"embeddable":true,"href":"https:\/\/cddistribution.com\/co\/wp-json\/wp\/v2\/comments?post=22"}],"version-history":[{"count":1,"href":"https:\/\/cddistribution.com\/co\/wp-json\/wp\/v2\/pages\/22\/revisions"}],"predecessor-version":[{"id":23,"href":"https:\/\/cddistribution.com\/co\/wp-json\/wp\/v2\/pages\/22\/revisions\/23"}],"wp:attachment":[{"href":"https:\/\/cddistribution.com\/co\/wp-json\/wp\/v2\/media?parent=22"}],"curies":[{"name":"wp","href":"https:\/\/api.w.org\/{rel}","templated":true}]}}