



{"id":11,"date":"2018-02-10T03:45:19","date_gmt":"2018-02-10T03:45:19","guid":{"rendered":"http:\/\/cddistribution.com\/co\/quienes-somos-y-nuestros-publishers\/"},"modified":"2020-08-21T09:28:30","modified_gmt":"2020-08-21T14:28:30","slug":"quienes-somos-y-nuestros-publishers","status":"publish","type":"page","link":"https:\/\/cddistribution.com\/co\/quienes-somos-y-nuestros-publishers\/","title":{"rendered":"Quienes somos y nuestros publishers"},"content":{"rendered":"<p><span style=\"font-size: 14pt;\">CD Distribution con sede en Miami, Fl. fue establecida en 1995 y ha estado sirviendo a los mercados latinoamericanos por m\u00e1s de 26 a\u00f1os. Somos los pioneros en la distribuci\u00f3n de videojuegos y juegos de PC y representamos a las principales editoriales de la industria. Desde que iniciamos operaciones, nuestro compromiso ha sido brindarles a nuestros clientes el m\u00e1s alto nivel de servicio y productos. A medida que avanzamos hacia el futuro, CDD ha establecido nuevas metas, y esas metas son seguir mejorando nuestro servicio y diversificando nuestras l\u00edneas de productos para brindarles a nuestros clientes m\u00e1s variedad de productos de calidad.<\/span><\/p>\n<p><span style=\"font-size: 14pt;\">Hemos incorporado muchos productos nuevos: Banpresto, Funko, Paladone, Iron Studios, Dark Horse, Abysse, Bitty Boomers, Hori, Jinx, RDS. Y no pararemos ah\u00ed, esperamos incorporar muchas m\u00e1s marcas de calidad. Nuestro compromiso de servicio nos ha llevado a abrir operaciones locales en Chile, Colombia y Per\u00fa, donde hemos desarrollado m\u00faltiples plataformas para atender la creciente demanda.<\/span><\/p>\n<p><span style=\"font-size: 14pt;\">Miramos hacia el futuro con gran entusiasmo y expandiendo nuestra presencia en diferentes pa\u00edses en un futuro cercano y esperamos desarrollar relaciones duraderas con nuestros clientes y proveedores.<\/span><\/p>\n<p><span style=\"font-size: 14pt;\">\u00a1Nuestro equipo de CDD est\u00e1 listo para servirle!<\/span><\/p>\n","protected":false},"excerpt":{"rendered":"<p>CD Distribution con sede en Miami, Fl. fue establecida en 1995 y ha estado sirviendo a los mercados latinoamericanos por m\u00e1s de 26 a\u00f1os. Somos los pioneros en la distribuci\u00f3n de videojuegos y juegos de PC y representamos a las principales editoriales de la industria. Desde que iniciamos operaciones, nuestro compromiso ha sido brindarles a<\/p>\n","protected":false},"author":1,"featured_media":0,"parent":0,"menu_order":0,"comment_status":"closed","ping_status":"closed","template":"template2.php","meta":[],"acf":[],"aioseo_notices":[],"post_mailing_queue_ids":[],"_links":{"self":[{"href":"https:\/\/cddistribution.com\/co\/wp-json\/wp\/v2\/pages\/11"}],"collection":[{"href":"https:\/\/cddistribution.com\/co\/wp-json\/wp\/v2\/pages"}],"about":[{"href":"https:\/\/cddistribution.com\/co\/wp-json\/wp\/v2\/types\/page"}],"author":[{"embeddable":true,"href":"https:\/\/cddistribution.com\/co\/wp-json\/wp\/v2\/users\/1"}],"replies":[{"embeddable":true,"href":"https:\/\/cddistribution.com\/co\/wp-json\/wp\/v2\/comments?post=11"}],"version-history":[{"count":3,"href":"https:\/\/cddistribution.com\/co\/wp-json\/wp\/v2\/pages\/11\/revisions"}],"predecessor-version":[{"id":5409,"href":"https:\/\/cddistribution.com\/co\/wp-json\/wp\/v2\/pages\/11\/revisions\/5409"}],"wp:attachment":[{"href":"https:\/\/cddistribution.com\/co\/wp-json\/wp\/v2\/media?parent=11"}],"curies":[{"name":"wp","href":"https:\/\/api.w.org\/{rel}","templated":true}]}}